{"id":2,"date":"2014-05-27T05:41:32","date_gmt":"2014-05-27T11:41:32","guid":{"rendered":"http:\/\/otiliopena.com\/?page_id=2"},"modified":"2014-05-28T18:03:05","modified_gmt":"2014-05-29T00:03:05","slug":"inicio","status":"publish","type":"page","link":"https:\/\/otiliopena.com\/","title":{"rendered":"Inicio"},"content":{"rendered":"<p style=\"text-align: justify;\">Nace en Saltillo Coahuila en 1953, arquitecto de profesi\u00f3n gira su mirada hacia el arte pict\u00f3rico iniciando su labor como artista pl\u00e1stico participando con \u00e9xito en c<img loading=\"lazy\" decoding=\"async\" class=\"alignleft wp-image-53 size-medium\" src=\"http:\/\/otiliopena.com\/wp-content\/uploads\/2014\/05\/otilio-300x225.jpg\" alt=\"otilio\" width=\"300\" height=\"225\" srcset=\"https:\/\/otiliopena.com\/wp-content\/uploads\/2014\/05\/otilio-300x225.jpg 300w, https:\/\/otiliopena.com\/wp-content\/uploads\/2014\/05\/otilio-175x131.jpg 175w, https:\/\/otiliopena.com\/wp-content\/uploads\/2014\/05\/otilio-666x500.jpg 666w, https:\/\/otiliopena.com\/wp-content\/uploads\/2014\/05\/otilio.jpg 720w\" sizes=\"(max-width: 300px) 100vw, 300px\" \/>oncursos de acuarela a nivel nacional e internacional realizando obras sobre temas variados y principalmente sobre el desierto su principal inspiraci\u00f3n.<\/p>\n","protected":false},"excerpt":{"rendered":"<p>Nace en Saltillo Coahuila en 1953, arquitecto de profesi\u00f3n gira su mirada hacia el arte pict\u00f3rico iniciando su labor como artista pl\u00e1stico participando con \u00e9xito en concursos de acuarela a <a href=\"https:\/\/otiliopena.com\/\" class=\"more-link\">[&hellip;]<\/a><\/p>\n","protected":false},"author":1,"featured_media":0,"parent":0,"menu_order":0,"comment_status":"closed","ping_status":"closed","template":"","meta":{"Layout":"2c-l","footnotes":""},"_links":{"self":[{"href":"https:\/\/otiliopena.com\/index.php?rest_route=\/wp\/v2\/pages\/2"}],"collection":[{"href":"https:\/\/otiliopena.com\/index.php?rest_route=\/wp\/v2\/pages"}],"about":[{"href":"https:\/\/otiliopena.com\/index.php?rest_route=\/wp\/v2\/types\/page"}],"author":[{"embeddable":true,"href":"https:\/\/otiliopena.com\/index.php?rest_route=\/wp\/v2\/users\/1"}],"replies":[{"embeddable":true,"href":"https:\/\/otiliopena.com\/index.php?rest_route=%2Fwp%2Fv2%2Fcomments&post=2"}],"version-history":[{"count":9,"href":"https:\/\/otiliopena.com\/index.php?rest_route=\/wp\/v2\/pages\/2\/revisions"}],"predecessor-version":[{"id":60,"href":"https:\/\/otiliopena.com\/index.php?rest_route=\/wp\/v2\/pages\/2\/revisions\/60"}],"wp:attachment":[{"href":"https:\/\/otiliopena.com\/index.php?rest_route=%2Fwp%2Fv2%2Fmedia&parent=2"}],"curies":[{"name":"wp","href":"https:\/\/api.w.org\/{rel}","templated":true}]}}