{"id":253,"date":"2015-07-27T17:37:41","date_gmt":"2015-07-27T23:37:41","guid":{"rendered":"http:\/\/otiliopena.com\/?page_id=253"},"modified":"2021-02-03T14:17:20","modified_gmt":"2021-02-03T20:17:20","slug":"diplomado-de-introduccion-al-dibujo","status":"publish","type":"page","link":"https:\/\/otiliopena.com\/?page_id=253","title":{"rendered":"Diplomado de \u201cIntroducci\u00f3n al Dibujo\u201d"},"content":{"rendered":"<p><strong>Consiste en un curso de 120 horas, 60 horas en taller con la instrucci\u00f3n y supervisi\u00f3n del maestro, y 60 de trabajo particular, revisado por el maestro. El curso se divide en 5 talleres intensivos de 12 horas c\/u, los cuales se pueden tomar de forma separada sin importar el orden, con excepci\u00f3n del primero que es fundamental para todos los dem\u00e1s.<\/strong><\/p>\n<p>Los 5 talleres son:<\/p>\n<ul>\n<li>Dibujo y acuarela 1.- Costo $ 3,500.00 Incluye colores a la acuarela, pinceles, papel &nbsp;y godete<\/li>\n<li>Dibujo y acuarela 2.- Costo $ 3,100.00 Incluye papel para dibujo y acuarela<\/li>\n<li>Dibujo a la sanguina y carboncillo (mixto con acuarela).- Costo $ 3,100.00 Incluye l\u00e1pices especiales y papel para carb\u00f3n y acuarela<\/li>\n<li>Dibujo a la tinta (mixto con acuarela).- Costo $ 3,200.00 Incluye tinta china, pincel liner, manguillo y papel couch\u00e9 y&nbsp; para acuarela<\/li>\n<li>Pintura china (mixto tinta y acuarela).- Costo $ 3,500.00 incluye libro y kit completo<\/li>\n<\/ul>\n<p><strong>En todos los casos se abarcar\u00e1 el programa de estudios completo por taller incluyendo explicaciones, ejemplos y atenci\u00f3n personalizada, como se mencion\u00f3 anteriormente, el primer taller es necesario para la completa comprensi\u00f3n de los posteriores. Los talleres abarcan temas completos pero se complementan, por lo que es necesario realizarlos todos en caso de requerir el diploma avalado por la U.A. de C. con valor curricular.<\/strong><\/p>\n<p style=\"text-align: center;\"><span style=\"color: #000080; text-decoration: underline;\"><strong>DESCRIPCION DE LOS TALLERES<\/strong><\/span><\/p>\n<p><span style=\"color: #000080;\"><strong>1.-&nbsp; Dibujo y acuarela 1<\/strong><\/span><\/p>\n<p>La vista como principal instrumento del artista pl\u00e1stico, formas de tomar el l\u00e1piz como instrumento de trazo y medici\u00f3n. L\u00edneas rectas (laberintos y cubos). L\u00edneas curvas (infinito, esfera, luz y sombra). Esferas combinadas (frutas, plantas). Nariz, boca, ojos, proporciones del rostro. Acuarela, los pigmentos, el papel, el montaje, ejercicios preliminares&nbsp; en seco, ejercicios preliminares &nbsp;en aguada, proyectos utilizando los principios b\u00e1sicos del dibujo.<\/p>\n<p><span style=\"color: #000080;\"><strong>2.-&nbsp; Dibujo y acuarela 2<\/strong><\/span><\/p>\n<p>Rostro completo de frente, proporciones del rostro de perfil, nariz boca y ojos, rostro completo de perfil. Acuarela, como combinar trazos secos y h\u00famedos, como preservar el blanco, algunos efectos especiales, uso de instrumentos diferentes al pincel. Proyectos con mayor grado de dificultad, la acuarela como t\u00e9cnica que permite corregir f\u00e1cilmente para la elaboraci\u00f3n de anteproyectos.<\/p>\n<p><span style=\"color: #000080;\"><strong>3.-&nbsp; Dibujo a la sanguina y carboncillo (mixto con acuarela)<\/strong><\/span><\/p>\n<p>Utilizando la t\u00e9cnica de la sanguina y el carboncillo, se estudiar\u00e1n las proporciones del cuerpo humano (hombre y mujer) de frente y perfil y principios b\u00e1sicos de movimiento. Se realizar\u00e1n proyectos mezclando acuarela con carb\u00f3n o sanguina.<\/p>\n<p><span style=\"color: #000080;\"><strong>4.-&nbsp; Dibujo a la tinta (mixto con acuarela)<\/strong><\/span><\/p>\n<p>Se estudiar\u00e1n principios b\u00e1sicos de perspectiva, aplicables al dibujo de figura humana, naturaleza muerta, paisaje y paisaje urbano utilizando la t\u00e9cnica de manguillo y pincel con tinta china. Se realizar\u00e1n proyectos mezclando la tinta china con acuarela.<\/p>\n<p><span style=\"color: #000080;\"><strong>5.-&nbsp; Pintura china (mixto tinta china y acuarela)<\/strong><\/span><\/p>\n<p>Se estudiar\u00e1n las bases de la milenaria t\u00e9cnica china aprendiendo los trazos de los cuatro caballeros, el bamb\u00fa, el crisantemo, la orqu\u00eddea y el ciruelo.<\/p>\n","protected":false},"excerpt":{"rendered":"<p>Consiste en un curso de 120 horas, 60 horas en taller con la instrucci\u00f3n y supervisi\u00f3n del maestro, y 60 de trabajo particular, revisado por el maestro. El curso se <a href=\"https:\/\/otiliopena.com\/?page_id=253\" class=\"more-link\">[&hellip;]<\/a><\/p>\n","protected":false},"author":1,"featured_media":0,"parent":0,"menu_order":0,"comment_status":"closed","ping_status":"open","template":"","meta":{"Layout":"","footnotes":""},"_links":{"self":[{"href":"https:\/\/otiliopena.com\/index.php?rest_route=\/wp\/v2\/pages\/253"}],"collection":[{"href":"https:\/\/otiliopena.com\/index.php?rest_route=\/wp\/v2\/pages"}],"about":[{"href":"https:\/\/otiliopena.com\/index.php?rest_route=\/wp\/v2\/types\/page"}],"author":[{"embeddable":true,"href":"https:\/\/otiliopena.com\/index.php?rest_route=\/wp\/v2\/users\/1"}],"replies":[{"embeddable":true,"href":"https:\/\/otiliopena.com\/index.php?rest_route=%2Fwp%2Fv2%2Fcomments&post=253"}],"version-history":[{"count":5,"href":"https:\/\/otiliopena.com\/index.php?rest_route=\/wp\/v2\/pages\/253\/revisions"}],"predecessor-version":[{"id":272,"href":"https:\/\/otiliopena.com\/index.php?rest_route=\/wp\/v2\/pages\/253\/revisions\/272"}],"wp:attachment":[{"href":"https:\/\/otiliopena.com\/index.php?rest_route=%2Fwp%2Fv2%2Fmedia&parent=253"}],"curies":[{"name":"wp","href":"https:\/\/api.w.org\/{rel}","templated":true}]}}